{"id":4118,"date":"2024-07-04T04:34:43","date_gmt":"2024-07-04T04:34:43","guid":{"rendered":"https:\/\/www.bracon.com.vn\/vi\/?page_id=4118"},"modified":"2024-07-04T04:52:06","modified_gmt":"2024-07-04T04:52:06","slug":"nghien-cuu-chuyen-biet","status":"publish","type":"page","link":"https:\/\/www.bracon.com.vn\/vi\/nghien-cuu-chuyen-biet\/","title":{"rendered":"Nghi\u00ean c\u1ee9u chuy\u00ean bi\u1ec7t"},"content":{"rendered":"\t\t<div data-elementor-type=\"wp-page\" data-elementor-id=\"4118\" class=\"elementor elementor-4118\" data-elementor-post-type=\"page\">\n\t\t\t\t<div class=\"elementor-element elementor-element-79bf87b e-flex e-con-boxed e-con e-parent\" data-id=\"79bf87b\" data-element_type=\"container\">\n\t\t\t\t\t<div class=\"e-con-inner\">\n\t\t\t\t\t<\/div>\n\t\t\t\t<\/div>\n\t\t<div class=\"elementor-element elementor-element-c00c7c1 e-flex e-con-boxed e-con e-parent\" data-id=\"c00c7c1\" data-element_type=\"container\">\n\t\t\t\t\t<div class=\"e-con-inner\">\n\t\t\t\t<div class=\"elementor-element elementor-element-d3779f4 elementor-widget elementor-widget-text-editor\" data-id=\"d3779f4\" data-element_type=\"widget\" data-widget_type=\"text-editor.default\">\n\t\t\t\t<div class=\"elementor-widget-container\">\n\t\t\t<style>\/*! elementor - v3.21.0 - 26-05-2024 *\/\n.elementor-widget-text-editor.elementor-drop-cap-view-stacked .elementor-drop-cap{background-color:#69727d;color:#fff}.elementor-widget-text-editor.elementor-drop-cap-view-framed .elementor-drop-cap{color:#69727d;border:3px solid;background-color:transparent}.elementor-widget-text-editor:not(.elementor-drop-cap-view-default) .elementor-drop-cap{margin-top:8px}.elementor-widget-text-editor:not(.elementor-drop-cap-view-default) .elementor-drop-cap-letter{width:1em;height:1em}.elementor-widget-text-editor .elementor-drop-cap{float:left;text-align:center;line-height:1;font-size:50px}.elementor-widget-text-editor .elementor-drop-cap-letter{display:inline-block}<\/style>\t\t\t\t<div class=\"title-wrapper flex-col text-left medium-text-center\">\n<div class=\"title-wrapper flex-col text-left medium-text-center\">\n<h3 class=\"entry-title mb-0\">Nghi\u00ean c\u1ee9u chuy\u00ean bi\u1ec7t\n<\/h3>\n<\/div>\n<div class=\"title-content flex-col flex-right text-right medium-text-center\"><\/div>\n<\/div>\n<div class=\"title-content flex-col flex-right text-right medium-text-center\"><\/div>\t\t\t\t\t\t<\/div>\n\t\t\t\t<\/div>\n\t\t\t\t\t<\/div>\n\t\t\t\t<\/div>\n\t\t<div class=\"elementor-element elementor-element-10bc478 e-flex e-con-boxed e-con e-parent\" data-id=\"10bc478\" data-element_type=\"container\">\n\t\t\t\t\t<div class=\"e-con-inner\">\n\t\t\t\t<div class=\"elementor-element elementor-element-2f1ac87 elementor-invisible elementor-widget elementor-widget-iiboxcarousel\" data-id=\"2f1ac87\" data-element_type=\"widget\" data-settings=\"{&quot;_animation&quot;:&quot;fadeInUp&quot;}\" data-widget_type=\"iiboxcarousel.default\">\n\t\t\t\t<div class=\"elementor-widget-container\">\n\t\t\t\t\t<div class=\"image-box-carousel\" data-loop=\"false\" data-auto=\"true\" data-time=\"7000\" data-arrows=\"true\" data-dots=\"true\" data-show=\"3\" data-tshow=\"1\" data-mshow=\"1\" data-gaps=\"30\" data-tgaps=\"30\" data-mgaps=\"30\">\r\n\t\t\t<div class=\"owl-carousel owl-theme\">\r\n\t\t\t\t\t\t\t\t<div class=\"ot-image-box\">\r\n\t\t\t\t\t<img decoding=\"async\" src=\"https:\/\/www.bracon.com.vn\/vi\/wp-content\/uploads\/sites\/2\/2024\/07\/cb1.png\" alt=\"K\u00eanh thu\u00ea bao di \u0111\u1ed9ng\n\n\">\t\t\t\t\t<div class=\"content-box\">\r\n\t\t\t\t\t\t<h5 class=\"title-box\">K\u00eanh thu\u00ea bao di \u0111\u1ed9ng\n\n<\/h5>\t\t\t\t\t\t<p><style>\n.more-content-a{\n   display: none;\n}\n\n.read-more-a{\nborder: none;\nbackground: #FFFF;\ncolor: #100e73;\ndisplay: block;\noverflow: hidden;\n}\n\n\n<\/style>\n\u2013 C\u00e1c li\u00ean k\u1ebft kh\u1ea3o s\u00e1t s\u1ebd \u0111\u01b0\u1ee3c g\u1edfi tr\u1ef1c ti\u1ebfp t\u1eeb t\u1ed5ng \u0111\u00e0i \u0111\u1ebfn c\u00e1c thu\u00ea bao di \u0111\u1ed9ng b\u1eb1ng tin nh\u1eafn SMS.<br>\n\u2013 Th\u00edch h\u1ee3p d\u00e0nh cho c\u00e1c kh\u1ea3o s\u00e1t ng\u1eafn, \u0111\u01a1n gi\u1ea3n v\u00e0 c\u1ea7n s\u1ed1 li\u1ec7u nhanh ch\u00f3ng\u2026.\n\n<i class=\"dots\"><\/i>\n<span class=\"more-content-a\"><br>\n\u2013 Ph\u00f9 h\u1ee3p cho c\u00e1c d\u1ea1ng nghi\u00ean c\u1ee9u v\u1ec1 \u0111o l\u01b0\u1eddng m\u1ee9c \u0111\u1ed9 h\u00e0i l\u00f2ng m\u1eabu qu\u1ea3ng c\u00e1o\/kh\u00e1i ni\u00eam s\u1ea3n ph\u1ea9m, h\u00e0nh vi ti\u00eau d\u00f9ng v.v..\n<br>\n\u2013 T\u1ed1i \u01b0u h\u00f3a \u0111\u01b0\u1ee3c chi ph\u00ed \u0111\u1ea7u t\u01b0 so v\u1edbi c\u00e1c lo\u1ea1i h\u00ecnh kh\u00e1c.\n<\/span>\n\n<button class=\"read-more-a\">Read more<\/button>\n\n<script>\n\tjQuery(document).ready(function( $ ){\n\n\t   $(\".read-more-a\").click(function(){\n \n\t\t   $(this).siblings('.dots').toggle();\n\t\t   $(this).siblings('.more-content-a').toggle();\n\t\t   \n\t\t  if($(this).text()=='Read more'){\n\t\t\t  \n                  $(this).text('Collapse');\n\t\t  }\nelse{\n\t  \t\t$(this).text('Read more');\n\t\t}\n\t   });\n\t});\n<\/script><\/p>\t\t\t\t\t<\/div>\r\n\t\t\t\t\t\t\t\t\t<\/div>\r\n\t\t\t\t\t\t\t\t<div class=\"ot-image-box\">\r\n\t\t\t\t\t<img decoding=\"async\" src=\"https:\/\/www.bracon.com.vn\/vi\/wp-content\/uploads\/sites\/2\/2024\/07\/cb2.png\" alt=\"Kh\u00e1ch h\u00e0ng b\u00ed m\u1eadt\n\n\">\t\t\t\t\t<div class=\"content-box\">\r\n\t\t\t\t\t\t<h5 class=\"title-box\">Kh\u00e1ch h\u00e0ng b\u00ed m\u1eadt\n\n<\/h5>\t\t\t\t\t\t<p><style>\n.more-content-b{\n   display: none;\n}\n\n.read-more-b{\nborder: none;\nbackground: #FFFF;\ncolor: #100e73;\ndisplay: block;\noverflow: hidden;\n}\n\n\n<\/style>\n\u2013 \u0110\u00e2y l\u00e0 ho\u1ea1t \u0111\u1ed9ng nghi\u00ean c\u1ee9u th\u1ecb tr\u01b0\u1eddng b\u1eb1ng c\u00e1ch c\u1eed nh\u1eefng kh\u00e1ch h\u00e0ng b\u00ed m\u1eadt tr\u00e0 tr\u1ed9n trong s\u1ed1 kh\u00e1ch h\u00e0ng th\u1ef1c s\u1ef1 \u0111\u1ebfn c\u00e1c \u0111\u1ecba \u0111i\u1ec3m c\u1ea7n \u0111\u00e1nh gi\u00e1 \u0111\u1ec3 t\u00ecm hi\u1ec3u tr\u1ef1c ti\u1ebfp\u2026..\n<i class=\"dots\"><\/i>\n<span class=\"more-content-b\"><br>\nKh\u00e1ch h\u00e0ng b\u00ed \u1ea9n l\u00e0 ch\u01b0\u01a1ng tr\u00ecnh gi\u00fap c\u00e1c doanh nghi\u1ec7p \u0111\u00e1nh gi\u00e1 ch\u1ea5t l\u01b0\u1ee3ng ph\u1ee5c v\u1ee5, k\u1ef9 n\u0103ng b\u00e1n h\u00e0ng, c\u00e1ch th\u1ee9c v\u00e0 th\u00e1i \u0111\u1ed9 nh\u00e2n vi\u00ean c\u1ee7a m\u00ecnh khi ph\u1ee5c v\u1ee5 kh\u00e1ch h\u00e0ng.\n<br>\n\u2013 N\u1ebfu doanh nghi\u1ec7p c\u1ee7a b\u1ea1n \u0111ang g\u1eb7p nh\u1eefng v\u1ea5n \u0111\u1ec1 nh\u01b0 doanh s\u1ed1 li\u00ean t\u1ee5c gi\u1ea3m, c\u00e1c \u00fd ki\u1ebfn khi\u1ebfu n\u1ea1i c\u1ee7a kh\u00e1ch h\u00e0ng gia t\u0103ng hay c\u00f3 nhi\u1ec1u ph\u1ea3n h\u1ed3i kh\u00f4ng t\u1ed1t v\u1ec1 b\u1ed9 ph\u1eadn d\u1ecbch v\u1ee5 kh\u00e1ch h\u00e0ng th\u00ec \u0111\u00f3 l\u00e0 l\u00fac m\u00e0 qu\u00fd doanh nghi\u1ec7p n\u00ean s\u1eed d\u1ee5ng d\u1ecbch v\u1ee5 kh\u00e1ch h\u00e0ng b\u00ed \u1ea9n.\n<br>\n\u2013 C\u00e1c k\u1ebft qu\u1ea3 thu \u0111\u01b0\u1ee3c t\u1eeb \u201ckh\u00e1ch h\u00e0ng b\u00ed \u1ea9n\u201d l\u00e0 kh\u00e1 kh\u00e1ch quan v\u00e0 s\u1ebd \u0111\u01b0\u1ee3c t\u1ed5ng h\u1ee3p l\u1ea1i th\u00e0nh nh\u1eefng b\u00e1o c\u00e1o c\u1ee5 th\u1ec3 nh\u1eb1m:<br>\n\u2014 Gi\u00fap c\u00e1c nh\u00e0 qu\u1ea3n tr\u1ecb \u0111\u00e1nh gi\u00e1 \u0111\u01b0\u1ee3c t\u00ednh trung th\u1ef1c, t\u1ef1 gi\u00e1c, m\u1ee9c \u0111\u1ed9 ph\u1ee5c ph\u1ee5 nhi\u1ec7t t\u00ecnh c\u1ee7a nh\u00e2n vi\u00ean m\u00ecnh<br>\n\u2014 Ph\u00e1t hi\u1ec7n ra nh\u1eefng \u0111i\u1ec3m y\u1ebfu trong chuy\u00ean m\u00f4n nh\u1eb1m qu\u1ea3n l\u00ed v\u00e0 \u0111\u00e0o t\u1ea1o ngu\u1ed3n nh\u00e2n l\u1ef1c cho hi\u1ec7u qu\u1ea3.<br>\n\u2014 \u0110\u00e1nh gi\u00e1 \u0111\u01b0\u1ee3c t\u00ednh hi\u1ec7u qu\u1ea3 c\u1ee7a c\u00e1c ch\u01b0\u01a1ng tr\u00ecnh qu\u1ea3ng c\u00e1o, khuy\u1ebfn m\u1ea1i, ho\u1ea1t \u0111\u1ed9ng truy\u1ec1n th\u00f4ng,\u2026 c\u1ee7a doanh nghi\u1ec7p.<br>\n\u2014 N\u1eafm b\u1eaft \u0111\u01b0\u1ee3c th\u00f4ng tin c\u1ee7a c\u00e1c \u0111\u1ed1i th\u1ee7 c\u1ea1nh tranh.<br>\n\u2014 T\u1ea1o cho nh\u00e2n vi\u00ean m\u00ecnh t\u00ednh trung th\u1ef1c, c\u1ea9n th\u1eadn v\u00e0 lu\u00f4n trong t\u01b0 th\u1ebf s\u1eb5n l\u00f2ng ph\u1ee5c v\u1ee5 h\u1ebft m\u00ecnh cho kh\u00e1ch h\u00e0ng.\n<\/span>\n\n<button class=\"read-more-b\">Read more<\/button>\n\n<script>\n\tjQuery(document).ready(function( $ ){\n\n\t   $(\".read-more-b\").click(function(){\n \n\t\t   $(this).siblings('.dots').toggle();\n\t\t   $(this).siblings('.more-content-b').toggle();\n\t\t   \n\t\t  if($(this).text()=='Read more'){\n\t\t\t  \n                  $(this).text('Collapse');\n\t\t  }\nelse{\n\t  \t\t$(this).text('Read more');\n\t\t}\n\t   });\n\t});\n<\/script><\/p>\t\t\t\t\t<\/div>\r\n\t\t\t\t\t\t\t\t\t<\/div>\r\n\t\t\t\t\t\t\t\t<div class=\"ot-image-box\">\r\n\t\t\t\t\t<img decoding=\"async\" src=\"https:\/\/www.bracon.com.vn\/vi\/wp-content\/uploads\/sites\/2\/2024\/07\/cb1.png\" alt=\"Ki\u1ec3m k\u00ea k\u00eanh b\u00e1n l\u1ebb\n\n\">\t\t\t\t\t<div class=\"content-box\">\r\n\t\t\t\t\t\t<h5 class=\"title-box\">Ki\u1ec3m k\u00ea k\u00eanh b\u00e1n l\u1ebb\n\n<\/h5>\t\t\t\t\t\t<p><style>\n.more-content-c{\n   display: none;\n}\n\n.read-more-c{\nborder: none;\nbackground: #FFFF;\ncolor: #100e73;\ndisplay: block;\noverflow: hidden;\n}\n\n\n<\/style>\n\u2013 Retail Audit l\u00e0 m\u1ed9t lo\u1ea1i research nghi\u00ean c\u1ee9u retailer (nh\u00e0 b\u00e1n l\u1ebb) b\u00e1n g\u00ec, qua vi\u1ec7c ghi nh\u1eadn l\u1ea1i nh\u1eefng h\u00e0ng h\u00f3a h\u1ecd tr\u1eef & b\u00e1n ra\u2026.\n\n<i class=\"dots\"><\/i>\n<span class=\"more-content-c\"><br>\n\u2013 Retail audit c\u00f3 th\u1ec3 cung c\u1ea5p cho marketers, t\u1eeb \u0111\u00f3 brand team c\u00f3 th\u1ec3 quy\u1ebft \u0111\u1ecbnh \u0111\u00e2u l\u00e0 nh\u1eefng c\u1eeda h\u00e0ng c\u1ea7n ti\u1ebfp c\u1eadn tr\u1ef1c ti\u1ebfp (NVKD t\u1edbi c\u1eeda h\u00e0ng ch\u00e0o h\u00e0ng, ch\u0103m s\u00f3c ch\u1ee7 ti\u1ec7m, etc..) v\u00e0 \u0111\u00e2u l\u00e0 nh\u1eefng c\u1eeda h\u00e0ng ch\u1ec9 c\u1ea7n gi\u00e1n ti\u1ebfp (ch\u1ec9 \u0111\u01a1n thu\u1ea7n ph\u00e2n ph\u1ed1i h\u00e0ng h\u00f3a m\u00e0 kh\u00f4ng c\u1ea7n t\u1edbi ti\u1ec7m ch\u00e0o h\u00e0ng).\n<br>\n\u2013 Ngo\u00e0i ra Retail audit c\u00f2n gi\u00fap cho marketer ph\u00e2n ph\u1ed1i c\u00e1c v\u1eadt ph\u1ea9m h\u1ed7 tr\u1ee3 b\u00e1n h\u00e0ng hi\u1ec7u qu\u1ea3 nh\u1ea5t.<br>\n\u2013 3 vi\u1ec7c ch\u00ednh c\u1ee7a retail audit:<br>\n\u2014 \u0110\u1ebfm stock t\u1eebng ng\u00e0nh h\u00e0ng.<br>\n\u2014 Ki\u1ec3m tra gi\u00e1 c\u1ee7a t\u1ea5t c\u1ea3 SKUs.<br>\n\u2014 Ghi nh\u1eadn d\u1eef li\u1ec7u t\u1eeb s\u1ed5 purchase.\n<\/span>\n\n<button class=\"read-more-c\">Read more<\/button>\n\n<script>\n\tjQuery(document).ready(function( $ ){\n\n\t   $(\".read-more-c\").click(function(){\n \n\t\t   $(this).siblings('.dots').toggle();\n\t\t   $(this).siblings('.more-content-c').toggle();\n\t\t   \n\t\t  if($(this).text()=='Read more'){\n\t\t\t  \n                  $(this).text('Collapse');\n\t\t  }\nelse{\n\t  \t\t$(this).text('Read more');\n\t\t}\n\t   });\n\t});\n<\/script><\/p>\t\t\t\t\t<\/div>\r\n\t\t\t\t\t\t\t\t\t<\/div>\r\n\t\t\t\t\t\t\t<\/div>\r\n\t\t<\/div>\r\n\r\n\t    \t\t<\/div>\n\t\t\t\t<\/div>\n\t\t\t\t\t<\/div>\n\t\t\t\t<\/div>\n\t\t<div class=\"elementor-element elementor-element-0e8b95d e-flex e-con-boxed e-con e-parent\" data-id=\"0e8b95d\" data-element_type=\"container\">\n\t\t\t\t\t<div class=\"e-con-inner\">\n\t\t\t\t\t<\/div>\n\t\t\t\t<\/div>\n\t\t<div class=\"elementor-element elementor-element-ce7fc3e e-flex e-con-boxed e-con e-parent\" data-id=\"ce7fc3e\" data-element_type=\"container\">\n\t\t\t\t\t<div class=\"e-con-inner\">\n\t\t<div class=\"elementor-element elementor-element-1a36cfc e-con-full e-flex e-con e-child\" data-id=\"1a36cfc\" data-element_type=\"container\">\n\t\t\t\t<div class=\"elementor-element elementor-element-6860477 elementor-widget elementor-widget-image\" data-id=\"6860477\" data-element_type=\"widget\" data-widget_type=\"image.default\">\n\t\t\t\t<div class=\"elementor-widget-container\">\n\t\t\t<style>\/*! elementor - v3.21.0 - 26-05-2024 *\/\n.elementor-widget-image{text-align:center}.elementor-widget-image a{display:inline-block}.elementor-widget-image a img[src$=\".svg\"]{width:48px}.elementor-widget-image img{vertical-align:middle;display:inline-block}<\/style>\t\t\t\t\t\t\t\t\t\t\t<a href=\"\/vi\/nghien-cuu-dinh-luong\">\n\t\t\t\t\t\t\t<img fetchpriority=\"high\" decoding=\"async\" width=\"500\" height=\"500\" src=\"https:\/\/www.bracon.com.vn\/vi\/wp-content\/uploads\/sites\/2\/2024\/07\/gp-1.png\" class=\"attachment-large size-large wp-image-4087\" alt=\"\" srcset=\"https:\/\/www.bracon.com.vn\/vi\/wp-content\/uploads\/sites\/2\/2024\/07\/gp-1.png 500w, https:\/\/www.bracon.com.vn\/vi\/wp-content\/uploads\/sites\/2\/2024\/07\/gp-1-300x300.png 300w, https:\/\/www.bracon.com.vn\/vi\/wp-content\/uploads\/sites\/2\/2024\/07\/gp-1-150x150.png 150w\" sizes=\"(max-width: 500px) 100vw, 500px\" \/>\t\t\t\t\t\t\t\t<\/a>\n\t\t\t\t\t\t\t\t\t\t\t\t\t<\/div>\n\t\t\t\t<\/div>\n\t\t\t\t<\/div>\n\t\t<div class=\"elementor-element elementor-element-28b4deb e-con-full e-flex e-con e-child\" data-id=\"28b4deb\" data-element_type=\"container\">\n\t\t\t\t<div class=\"elementor-element elementor-element-e089074 elementor-widget elementor-widget-image\" data-id=\"e089074\" data-element_type=\"widget\" data-widget_type=\"image.default\">\n\t\t\t\t<div class=\"elementor-widget-container\">\n\t\t\t\t\t\t\t\t\t\t\t\t\t\t<a href=\"\/vi\/nghien-cuu-dinh-t\u1ecbnh\">\n\t\t\t\t\t\t\t<img decoding=\"async\" width=\"500\" height=\"500\" src=\"https:\/\/www.bracon.com.vn\/vi\/wp-content\/uploads\/sites\/2\/2024\/07\/gp-2.png\" class=\"attachment-large size-large wp-image-4088\" alt=\"\" srcset=\"https:\/\/www.bracon.com.vn\/vi\/wp-content\/uploads\/sites\/2\/2024\/07\/gp-2.png 500w, https:\/\/www.bracon.com.vn\/vi\/wp-content\/uploads\/sites\/2\/2024\/07\/gp-2-300x300.png 300w, https:\/\/www.bracon.com.vn\/vi\/wp-content\/uploads\/sites\/2\/2024\/07\/gp-2-150x150.png 150w\" sizes=\"(max-width: 500px) 100vw, 500px\" \/>\t\t\t\t\t\t\t\t<\/a>\n\t\t\t\t\t\t\t\t\t\t\t\t\t<\/div>\n\t\t\t\t<\/div>\n\t\t\t\t<\/div>\n\t\t<div class=\"elementor-element elementor-element-cbae780 e-con-full e-flex e-con e-child\" data-id=\"cbae780\" data-element_type=\"container\">\n\t\t\t\t<div class=\"elementor-element elementor-element-9c8b276 elementor-widget elementor-widget-image\" data-id=\"9c8b276\" data-element_type=\"widget\" data-widget_type=\"image.default\">\n\t\t\t\t<div class=\"elementor-widget-container\">\n\t\t\t\t\t\t\t\t\t\t\t\t\t\t<a href=\"\/vi\/nghien-cuu-tung-phan\">\n\t\t\t\t\t\t\t<img decoding=\"async\" width=\"500\" height=\"500\" src=\"https:\/\/www.bracon.com.vn\/vi\/wp-content\/uploads\/sites\/2\/2024\/07\/gp-4.png\" class=\"attachment-large size-large wp-image-4090\" alt=\"\" srcset=\"https:\/\/www.bracon.com.vn\/vi\/wp-content\/uploads\/sites\/2\/2024\/07\/gp-4.png 500w, https:\/\/www.bracon.com.vn\/vi\/wp-content\/uploads\/sites\/2\/2024\/07\/gp-4-300x300.png 300w, https:\/\/www.bracon.com.vn\/vi\/wp-content\/uploads\/sites\/2\/2024\/07\/gp-4-150x150.png 150w\" sizes=\"(max-width: 500px) 100vw, 500px\" \/>\t\t\t\t\t\t\t\t<\/a>\n\t\t\t\t\t\t\t\t\t\t\t\t\t<\/div>\n\t\t\t\t<\/div>\n\t\t\t\t<\/div>\n\t\t<div class=\"elementor-element elementor-element-dd4aef1 e-con-full e-flex e-con e-child\" data-id=\"dd4aef1\" data-element_type=\"container\">\n\t\t\t\t<\/div>\n\t\t<div class=\"elementor-element elementor-element-42e5880 e-con-full e-flex e-con e-child\" data-id=\"42e5880\" data-element_type=\"container\">\n\t\t\t\t<\/div>\n\t\t<div class=\"elementor-element elementor-element-73e197d e-con-full e-flex e-con e-child\" data-id=\"73e197d\" data-element_type=\"container\">\n\t\t\t\t<\/div>\n\t\t\t\t\t<\/div>\n\t\t\t\t<\/div>\n\t\t<div class=\"elementor-element elementor-element-683a4e4 e-flex e-con-boxed e-con e-parent\" data-id=\"683a4e4\" data-element_type=\"container\">\n\t\t\t\t\t<div class=\"e-con-inner\">\n\t\t\t\t\t<\/div>\n\t\t\t\t<\/div>\n\t\t\t\t<\/div>\n\t\t","protected":false},"excerpt":{"rendered":"<p>Nghi\u00ean c\u1ee9u chuy\u00ean bi\u1ec7t K\u00eanh thu\u00ea bao di \u0111\u1ed9ng \u2013 C\u00e1c li\u00ean k\u1ebft kh\u1ea3o s\u00e1t s\u1ebd \u0111\u01b0\u1ee3c g\u1edfi tr\u1ef1c ti\u1ebfp t\u1eeb t\u1ed5ng \u0111\u00e0i \u0111\u1ebfn c\u00e1c thu\u00ea bao di \u0111\u1ed9ng b\u1eb1ng tin nh\u1eafn SMS. \u2013 Th\u00edch h\u1ee3p d\u00e0nh cho c\u00e1c kh\u1ea3o s\u00e1t ng\u1eafn, \u0111\u01a1n gi\u1ea3n v\u00e0 c\u1ea7n s\u1ed1 li\u1ec7u nhanh ch\u00f3ng\u2026. \u2013 Ph\u00f9 h\u1ee3p cho c\u00e1c [&hellip;]<\/p>\n","protected":false},"author":1,"featured_media":0,"parent":0,"menu_order":0,"comment_status":"closed","ping_status":"closed","template":"","meta":{"footnotes":""},"_links":{"self":[{"href":"https:\/\/www.bracon.com.vn\/vi\/wp-json\/wp\/v2\/pages\/4118"}],"collection":[{"href":"https:\/\/www.bracon.com.vn\/vi\/wp-json\/wp\/v2\/pages"}],"about":[{"href":"https:\/\/www.bracon.com.vn\/vi\/wp-json\/wp\/v2\/types\/page"}],"author":[{"embeddable":true,"href":"https:\/\/www.bracon.com.vn\/vi\/wp-json\/wp\/v2\/users\/1"}],"replies":[{"embeddable":true,"href":"https:\/\/www.bracon.com.vn\/vi\/wp-json\/wp\/v2\/comments?post=4118"}],"version-history":[{"count":11,"href":"https:\/\/www.bracon.com.vn\/vi\/wp-json\/wp\/v2\/pages\/4118\/revisions"}],"predecessor-version":[{"id":4148,"href":"https:\/\/www.bracon.com.vn\/vi\/wp-json\/wp\/v2\/pages\/4118\/revisions\/4148"}],"wp:attachment":[{"href":"https:\/\/www.bracon.com.vn\/vi\/wp-json\/wp\/v2\/media?parent=4118"}],"curies":[{"name":"wp","href":"https:\/\/api.w.org\/{rel}","templated":true}]}}