{"id":4103,"date":"2024-07-04T04:26:51","date_gmt":"2024-07-04T04:26:51","guid":{"rendered":"https:\/\/www.bracon.com.vn\/vi\/?page_id=4103"},"modified":"2024-07-04T04:59:25","modified_gmt":"2024-07-04T04:59:25","slug":"nghien-cuu-dinh-tinh","status":"publish","type":"page","link":"https:\/\/www.bracon.com.vn\/vi\/nghien-cuu-dinh-tinh\/","title":{"rendered":"Nghi\u00ean c\u1ee9u \u0111\u1ecbnh t\u00ednh"},"content":{"rendered":"\t\t<div data-elementor-type=\"wp-page\" data-elementor-id=\"4103\" class=\"elementor elementor-4103\" data-elementor-post-type=\"page\">\n\t\t\t\t<div class=\"elementor-element elementor-element-461ea04 e-flex e-con-boxed e-con e-parent\" data-id=\"461ea04\" data-element_type=\"container\">\n\t\t\t\t\t<div class=\"e-con-inner\">\n\t\t\t\t\t<\/div>\n\t\t\t\t<\/div>\n\t\t<div class=\"elementor-element elementor-element-981e891 e-flex e-con-boxed e-con e-parent\" data-id=\"981e891\" data-element_type=\"container\">\n\t\t\t\t\t<div class=\"e-con-inner\">\n\t\t\t\t<div class=\"elementor-element elementor-element-29572fc elementor-widget elementor-widget-text-editor\" data-id=\"29572fc\" data-element_type=\"widget\" data-widget_type=\"text-editor.default\">\n\t\t\t\t<div class=\"elementor-widget-container\">\n\t\t\t<style>\/*! elementor - v3.21.0 - 26-05-2024 *\/\n.elementor-widget-text-editor.elementor-drop-cap-view-stacked .elementor-drop-cap{background-color:#69727d;color:#fff}.elementor-widget-text-editor.elementor-drop-cap-view-framed .elementor-drop-cap{color:#69727d;border:3px solid;background-color:transparent}.elementor-widget-text-editor:not(.elementor-drop-cap-view-default) .elementor-drop-cap{margin-top:8px}.elementor-widget-text-editor:not(.elementor-drop-cap-view-default) .elementor-drop-cap-letter{width:1em;height:1em}.elementor-widget-text-editor .elementor-drop-cap{float:left;text-align:center;line-height:1;font-size:50px}.elementor-widget-text-editor .elementor-drop-cap-letter{display:inline-block}<\/style>\t\t\t\t<div class=\"title-wrapper flex-col text-left medium-text-center\">\n<h3 class=\"entry-title mb-0\">Nghi\u00ean c\u1ee9u \u0111\u1ecbnh t\u00ednh\n<\/h3>\n<\/div>\n<div class=\"title-content flex-col flex-right text-right medium-text-center\"><\/div>\t\t\t\t\t\t<\/div>\n\t\t\t\t<\/div>\n\t\t\t\t\t<\/div>\n\t\t\t\t<\/div>\n\t\t<div class=\"elementor-element elementor-element-aac0395 e-flex e-con-boxed e-con e-parent\" data-id=\"aac0395\" data-element_type=\"container\">\n\t\t\t\t\t<div class=\"e-con-inner\">\n\t\t\t\t<div class=\"elementor-element elementor-element-6d4c01d elementor-position-left elementor-vertical-align-top elementor-widget elementor-widget-image-box\" data-id=\"6d4c01d\" data-element_type=\"widget\" data-widget_type=\"image-box.default\">\n\t\t\t\t<div class=\"elementor-widget-container\">\n\t\t\t<style>\/*! elementor - v3.21.0 - 26-05-2024 *\/\n.elementor-widget-image-box .elementor-image-box-content{width:100%}@media (min-width:768px){.elementor-widget-image-box.elementor-position-left .elementor-image-box-wrapper,.elementor-widget-image-box.elementor-position-right .elementor-image-box-wrapper{display:flex}.elementor-widget-image-box.elementor-position-right .elementor-image-box-wrapper{text-align:end;flex-direction:row-reverse}.elementor-widget-image-box.elementor-position-left .elementor-image-box-wrapper{text-align:start;flex-direction:row}.elementor-widget-image-box.elementor-position-top .elementor-image-box-img{margin:auto}.elementor-widget-image-box.elementor-vertical-align-top .elementor-image-box-wrapper{align-items:flex-start}.elementor-widget-image-box.elementor-vertical-align-middle .elementor-image-box-wrapper{align-items:center}.elementor-widget-image-box.elementor-vertical-align-bottom .elementor-image-box-wrapper{align-items:flex-end}}@media (max-width:767px){.elementor-widget-image-box .elementor-image-box-img{margin-left:auto!important;margin-right:auto!important;margin-bottom:15px}}.elementor-widget-image-box .elementor-image-box-img{display:inline-block}.elementor-widget-image-box .elementor-image-box-title a{color:inherit}.elementor-widget-image-box .elementor-image-box-wrapper{text-align:center}.elementor-widget-image-box .elementor-image-box-description{margin:0}<\/style><div class=\"elementor-image-box-wrapper\"><figure class=\"elementor-image-box-img\"><img fetchpriority=\"high\" decoding=\"async\" width=\"512\" height=\"512\" src=\"https:\/\/www.bracon.com.vn\/vi\/wp-content\/uploads\/sites\/2\/2024\/07\/magnifying-glass.svg\" class=\"attachment-full size-full wp-image-4095\" alt=\"\" \/><\/figure><div class=\"elementor-image-box-content\"><p class=\"elementor-image-box-description\">Nghi\u00ean c\u1ee9u \u0111\u1ecbnh t\u00ednh l\u00e0 ph\u01b0\u01a1ng ph\u00e1p thu th\u1eadp c\u00e1c th\u00f4ng tin v\u00e0 d\u1eef li\u1ec7u d\u01b0\u1edbi d\u1ea1ng \u2018phi s\u1ed1\u2019 \u0111\u1ec3 c\u00f3 \u0111\u01b0\u1ee3c c\u00e1c th\u00f4ng tin chi ti\u1ebft v\u1ec1 \u0111\u1ed1i t\u01b0\u1ee3ng tham gia kh\u1ea3o s\u00e1t hay nghi\u00ean c\u1ee9u, nh\u1eb1m ph\u1ee5c v\u1ee5 m\u1ee5c \u0111\u00edch ph\u00e2n t\u00edch ho\u1eb7c \u0111\u00e1nh gi\u00e1 chuy\u00ean s\u00e2u. C\u00e1c th\u00f4ng tin khai th\u00e1c ho\u00e0n to\u00e0n \u0111\u01b0\u1ee3c s\u1eed d\u1ee5ng b\u1eb1ng m\u1ed9t b\u1ea3ng c\u00e2u h\u1ecfi v\u1edbi d\u1ea1ng c\u00e1c c\u00e2u h\u1ecfi m\u1edf. V\u00e0 c\u00f3 th\u1ec3 \u00e1p d\u1ee5ng cho c\u1ea3 h\u00ecnh th\u1ee9c tr\u1ef1c ti\u1ebfp v\u00e0 tr\u1ef1c tuy\u1ebfn.<\/p><\/div><\/div>\t\t<\/div>\n\t\t\t\t<\/div>\n\t\t\t\t\t<\/div>\n\t\t\t\t<\/div>\n\t\t<div class=\"elementor-element elementor-element-b220b7f e-flex e-con-boxed e-con e-parent\" data-id=\"b220b7f\" data-element_type=\"container\">\n\t\t\t\t\t<div class=\"e-con-inner\">\n\t\t\t\t<div class=\"elementor-element elementor-element-791dcfd elementor-position-left elementor-vertical-align-top elementor-widget elementor-widget-image-box\" data-id=\"791dcfd\" data-element_type=\"widget\" data-widget_type=\"image-box.default\">\n\t\t\t\t<div class=\"elementor-widget-container\">\n\t\t\t<div class=\"elementor-image-box-wrapper\"><figure class=\"elementor-image-box-img\"><img fetchpriority=\"high\" decoding=\"async\" width=\"512\" height=\"512\" src=\"https:\/\/www.bracon.com.vn\/vi\/wp-content\/uploads\/sites\/2\/2024\/07\/magnifying-glass.svg\" class=\"attachment-full size-full wp-image-4095\" alt=\"\" \/><\/figure><div class=\"elementor-image-box-content\"><p class=\"elementor-image-box-description\">C\u00e1c \u0111\u1ed1i t\u01b0\u1ee3ng tham gia kh\u1ea3o s\u00e1t l\u00e0 nh\u1eefng ng\u01b0\u1eddi lu\u00f4n c\u00f3 \u00f3c t\u01b0 duy, kh\u1ea3 n\u0103ng \u0103n n\u00f3i m\u1ea1ch l\u1ea1c, ph\u1ea3n \u1ee9ng nhanh nh\u1eb9n trong c\u00e1ch tr\u1ea3 l\u1eddi c\u00e1c c\u00e2u h\u1ecfi \u0111\u01b0a ra theo d\u1ea1ng ch\u1ee7 \u0111\u1ec1 m\u00e0 n\u00f3 y\u00eau c\u1ea7u ph\u1ea3i di\u1ec5n gi\u1ea3i c\u00e0ng chi ti\u1ebft c\u00e0ng t\u1ed1t.<\/p><\/div><\/div>\t\t<\/div>\n\t\t\t\t<\/div>\n\t\t\t\t\t<\/div>\n\t\t\t\t<\/div>\n\t\t<div class=\"elementor-element elementor-element-049908b e-flex e-con-boxed e-con e-parent\" data-id=\"049908b\" data-element_type=\"container\">\n\t\t\t\t\t<div class=\"e-con-inner\">\n\t\t\t\t\t<\/div>\n\t\t\t\t<\/div>\n\t\t<div class=\"elementor-element elementor-element-d6cfa57 e-flex e-con-boxed e-con e-parent\" data-id=\"d6cfa57\" data-element_type=\"container\">\n\t\t\t\t\t<div class=\"e-con-inner\">\n\t\t<div class=\"elementor-element elementor-element-884c784 e-con-full e-flex e-con e-child\" data-id=\"884c784\" data-element_type=\"container\">\n\t\t\t\t<div class=\"elementor-element elementor-element-331beed elementor-cta--skin-classic elementor-animated-content elementor-bg-transform elementor-bg-transform-zoom-in elementor-widget elementor-widget-call-to-action\" data-id=\"331beed\" data-element_type=\"widget\" data-widget_type=\"call-to-action.default\">\n\t\t\t\t<div class=\"elementor-widget-container\">\n\t\t\t<link rel=\"stylesheet\" href=\"https:\/\/www.bracon.com.vn\/vi\/wp-content\/plugins\/elementor-pro\/assets\/css\/widget-call-to-action.min.css\">\t\t<div class=\"elementor-cta\">\n\t\t\t\t\t<div class=\"elementor-cta__bg-wrapper\">\n\t\t\t\t<div class=\"elementor-cta__bg elementor-bg\" style=\"background-image: url(https:\/\/www.bracon.com.vn\/vi\/wp-content\/uploads\/sites\/2\/2024\/07\/dt1.png);\" role=\"img\" aria-label=\"dt1.png\"><\/div>\n\t\t\t\t<div class=\"elementor-cta__bg-overlay\"><\/div>\n\t\t\t<\/div>\n\t\t\t\t\t\t\t<div class=\"elementor-cta__content\">\n\t\t\t\t\n\t\t\t\t\t\t\t\t\t<h2 class=\"elementor-cta__title elementor-cta__content-item elementor-content-item\">\n\t\t\t\t\t\tPh\u1ecfng v\u1ea5n chuy\u00ean s\u00e2u\t\t\t\t\t<\/h2>\n\t\t\t\t\n\t\t\t\t\t\t\t\t\t<div class=\"elementor-cta__description elementor-cta__content-item elementor-content-item\">\n\t\t\t\t\t\t<b><ul style=\"list-style-type:disc; padding: 20px\">\n<li>Ph\u1ecfng v\u1ea5n c\u00f3 c\u1ea5u tr\u00fac<\/li>\n<li>Ph\u1ecfng v\u1ea5n b\u00e1n c\u1ea5u tr\u00fac\n<\/li>\n<li>Ph\u1ecfng v\u1ea5n t\u1ef1 do\n<\/li>\n<\/ul><\/b>\t\t\t\t\t<\/div>\n\t\t\t\t\n\t\t\t\t\t\t\t<\/div>\n\t\t\t\t\t\t<\/div>\n\t\t\t\t<\/div>\n\t\t\t\t<\/div>\n\t\t\t\t<\/div>\n\t\t<div class=\"elementor-element elementor-element-bc0d1e0 e-con-full e-flex e-con e-child\" data-id=\"bc0d1e0\" data-element_type=\"container\">\n\t\t\t\t<div class=\"elementor-element elementor-element-35ce817 elementor-cta--skin-classic elementor-animated-content elementor-bg-transform elementor-bg-transform-zoom-in elementor-widget elementor-widget-call-to-action\" data-id=\"35ce817\" data-element_type=\"widget\" data-widget_type=\"call-to-action.default\">\n\t\t\t\t<div class=\"elementor-widget-container\">\n\t\t\t\t\t<div class=\"elementor-cta\">\n\t\t\t\t\t<div class=\"elementor-cta__bg-wrapper\">\n\t\t\t\t<div class=\"elementor-cta__bg elementor-bg\" style=\"background-image: url(https:\/\/www.bracon.com.vn\/vi\/wp-content\/uploads\/sites\/2\/2024\/07\/dt2.png);\" role=\"img\" aria-label=\"dt2.png\"><\/div>\n\t\t\t\t<div class=\"elementor-cta__bg-overlay\"><\/div>\n\t\t\t<\/div>\n\t\t\t\t\t\t\t<div class=\"elementor-cta__content\">\n\t\t\t\t\n\t\t\t\t\t\t\t\t\t<h2 class=\"elementor-cta__title elementor-cta__content-item elementor-content-item\">\n\t\t\t\t\t\tTh\u1ea3o lu\u1eadn nh\u00f3m t\u1eadp trung\t\t\t\t\t<\/h2>\n\t\t\t\t\n\t\t\t\t\t\t\t\t\t<div class=\"elementor-cta__description elementor-cta__content-item elementor-content-item\">\n\t\t\t\t\t\t<b><ul style=\"list-style-type:disc; padding: 20px\">\n<li>Nh\u00f3m ti\u00eau chu\u1ea9n 6 \u0111\u00e1p vi\u00ean\/nh\u00f3m\n<\/li>\n<li>Nh\u00f3m Mini 4 \u0111\u00e1p vi\u00ean\/nh\u00f3m<\/li>\n\n<\/ul><\/b>\t\t\t\t\t<\/div>\n\t\t\t\t\n\t\t\t\t\t\t\t<\/div>\n\t\t\t\t\t\t<\/div>\n\t\t\t\t<\/div>\n\t\t\t\t<\/div>\n\t\t\t\t<\/div>\n\t\t<div class=\"elementor-element elementor-element-3c358d6 e-con-full e-flex e-con e-child\" data-id=\"3c358d6\" data-element_type=\"container\">\n\t\t\t\t<div class=\"elementor-element elementor-element-4f98a28 elementor-cta--skin-classic elementor-animated-content elementor-bg-transform elementor-bg-transform-zoom-in elementor-widget elementor-widget-call-to-action\" data-id=\"4f98a28\" data-element_type=\"widget\" data-widget_type=\"call-to-action.default\">\n\t\t\t\t<div class=\"elementor-widget-container\">\n\t\t\t\t\t<div class=\"elementor-cta\">\n\t\t\t\t\t<div class=\"elementor-cta__bg-wrapper\">\n\t\t\t\t<div class=\"elementor-cta__bg elementor-bg\" style=\"background-image: url(https:\/\/www.bracon.com.vn\/vi\/wp-content\/uploads\/sites\/2\/2024\/07\/dt3.png);\" role=\"img\" aria-label=\"dt3.png\"><\/div>\n\t\t\t\t<div class=\"elementor-cta__bg-overlay\"><\/div>\n\t\t\t<\/div>\n\t\t\t\t\t\t\t<div class=\"elementor-cta__content\">\n\t\t\t\t\n\t\t\t\t\t\t\t\t\t<h2 class=\"elementor-cta__title elementor-cta__content-item elementor-content-item\">\n\t\t\t\t\t\tC\u1ed9ng \u0111\u1ed3ng tr\u1ef1c tuy\u1ebfn\t\t\t\t\t<\/h2>\n\t\t\t\t\n\t\t\t\t\t\t\t\t\t<div class=\"elementor-cta__description elementor-cta__content-item elementor-content-item\">\n\t\t\t\t\t\t<b><ul style=\"list-style-type:disc; padding: 20px\">\n<li>Nh\u00f3m t\u1eeb 15 ng\u01b0\u1eddi tr\u1ee3 l\u00ean v\u00e0 giao ti\u1ebfp qua c\u00e1c b\u00ecnh lu\u1eadn v\u1ec1 ch\u1ee7 \u0111\u1ec1 \u0111\u00e3 \u0111\u01b0\u1ee3c t\u1ea1o s\u1eb5n.<\/li>\n<li>Vi\u1ebft nh\u1eadt k\u00fd ti\u00eau dung v\u1ec1 s\u1ea3n ph\u1ea9m ho\u1eb7c h\u00e0nh vi th\u01b0\u1eddng ng\u00e0y.<\/li>\n\n<\/ul><\/b>\t\t\t\t\t<\/div>\n\t\t\t\t\n\t\t\t\t\t\t\t<\/div>\n\t\t\t\t\t\t<\/div>\n\t\t\t\t<\/div>\n\t\t\t\t<\/div>\n\t\t\t\t<\/div>\n\t\t<div class=\"elementor-element elementor-element-4ca8f67 e-con-full e-flex e-con e-child\" data-id=\"4ca8f67\" data-element_type=\"container\">\n\t\t\t\t<div class=\"elementor-element elementor-element-ff9b9ff elementor-cta--skin-classic elementor-animated-content elementor-bg-transform elementor-bg-transform-zoom-in elementor-widget elementor-widget-call-to-action\" data-id=\"ff9b9ff\" data-element_type=\"widget\" data-widget_type=\"call-to-action.default\">\n\t\t\t\t<div class=\"elementor-widget-container\">\n\t\t\t\t\t<div class=\"elementor-cta\">\n\t\t\t\t\t<div class=\"elementor-cta__bg-wrapper\">\n\t\t\t\t<div class=\"elementor-cta__bg elementor-bg\" style=\"background-image: url(https:\/\/www.bracon.com.vn\/vi\/wp-content\/uploads\/sites\/2\/2024\/07\/dt4.png);\" role=\"img\" aria-label=\"dt4.png\"><\/div>\n\t\t\t\t<div class=\"elementor-cta__bg-overlay\"><\/div>\n\t\t\t<\/div>\n\t\t\t\t\t\t\t<div class=\"elementor-cta__content\">\n\t\t\t\t\n\t\t\t\t\t\t\t\t\t<h2 class=\"elementor-cta__title elementor-cta__content-item elementor-content-item\">\n\t\t\t\t\t\tQuan s\u00e1t h\u00e0nh vi\/th\u00f3i quen\t\t\t\t\t<\/h2>\n\t\t\t\t\n\t\t\t\t\t\t\t\t\t<div class=\"elementor-cta__description elementor-cta__content-item elementor-content-item\">\n\t\t\t\t\t\t<br><b><ul>\n<li>C\u00e1c d\u1eef li\u1ec7u \u0111\u01b0\u1ee3c thu th\u1eadp ch\u1ee7 y\u1ebfu l\u00e0 th\u00f4ng qua quan s\u00e1t, c\u00e1c cu\u1ed9c tr\u00f2 chuy\u1ec7n th\u00e2n m\u1eadt ho\u1eb7c c\u00e1c cu\u1ed9c ph\u1ecfng v\u1ea5n ch\u00ednh th\u1ee9c.<\/li>\n<\/ul><\/b>\t\t\t\t\t<\/div>\n\t\t\t\t\n\t\t\t\t\t\t\t<\/div>\n\t\t\t\t\t\t<\/div>\n\t\t\t\t<\/div>\n\t\t\t\t<\/div>\n\t\t\t\t<\/div>\n\t\t\t\t\t<\/div>\n\t\t\t\t<\/div>\n\t\t<div class=\"elementor-element elementor-element-8f74c87 e-flex e-con-boxed e-con e-parent\" data-id=\"8f74c87\" data-element_type=\"container\">\n\t\t\t\t\t<div class=\"e-con-inner\">\n\t\t<div class=\"elementor-element elementor-element-f5a2eab e-con-full e-flex e-con e-child\" data-id=\"f5a2eab\" data-element_type=\"container\">\n\t\t\t\t<div class=\"elementor-element elementor-element-ebdbdb2 elementor-widget elementor-widget-image\" data-id=\"ebdbdb2\" data-element_type=\"widget\" data-widget_type=\"image.default\">\n\t\t\t\t<div class=\"elementor-widget-container\">\n\t\t\t<style>\/*! elementor - v3.21.0 - 26-05-2024 *\/\n.elementor-widget-image{text-align:center}.elementor-widget-image a{display:inline-block}.elementor-widget-image a img[src$=\".svg\"]{width:48px}.elementor-widget-image img{vertical-align:middle;display:inline-block}<\/style>\t\t\t\t\t\t\t\t\t\t\t<a href=\"\/vi\/nghien-cuu-dinh-luong\">\n\t\t\t\t\t\t\t<img decoding=\"async\" width=\"500\" height=\"500\" src=\"https:\/\/www.bracon.com.vn\/vi\/wp-content\/uploads\/sites\/2\/2024\/07\/gp-1.png\" class=\"attachment-large size-large wp-image-4087\" alt=\"\" srcset=\"https:\/\/www.bracon.com.vn\/vi\/wp-content\/uploads\/sites\/2\/2024\/07\/gp-1.png 500w, https:\/\/www.bracon.com.vn\/vi\/wp-content\/uploads\/sites\/2\/2024\/07\/gp-1-300x300.png 300w, https:\/\/www.bracon.com.vn\/vi\/wp-content\/uploads\/sites\/2\/2024\/07\/gp-1-150x150.png 150w\" sizes=\"(max-width: 500px) 100vw, 500px\" \/>\t\t\t\t\t\t\t\t<\/a>\n\t\t\t\t\t\t\t\t\t\t\t\t\t<\/div>\n\t\t\t\t<\/div>\n\t\t\t\t<\/div>\n\t\t<div class=\"elementor-element elementor-element-17648a1 e-con-full e-flex e-con e-child\" data-id=\"17648a1\" data-element_type=\"container\">\n\t\t\t\t<div class=\"elementor-element elementor-element-b8cc548 elementor-widget elementor-widget-image\" data-id=\"b8cc548\" data-element_type=\"widget\" data-widget_type=\"image.default\">\n\t\t\t\t<div class=\"elementor-widget-container\">\n\t\t\t\t\t\t\t\t\t\t\t\t\t\t<a href=\"\/vi\/nghien-cuu-chuyen-biet\">\n\t\t\t\t\t\t\t<img decoding=\"async\" width=\"500\" height=\"500\" src=\"https:\/\/www.bracon.com.vn\/vi\/wp-content\/uploads\/sites\/2\/2024\/07\/gp-3.png\" class=\"attachment-large size-large wp-image-4089\" alt=\"\" srcset=\"https:\/\/www.bracon.com.vn\/vi\/wp-content\/uploads\/sites\/2\/2024\/07\/gp-3.png 500w, https:\/\/www.bracon.com.vn\/vi\/wp-content\/uploads\/sites\/2\/2024\/07\/gp-3-300x300.png 300w, https:\/\/www.bracon.com.vn\/vi\/wp-content\/uploads\/sites\/2\/2024\/07\/gp-3-150x150.png 150w\" sizes=\"(max-width: 500px) 100vw, 500px\" \/>\t\t\t\t\t\t\t\t<\/a>\n\t\t\t\t\t\t\t\t\t\t\t\t\t<\/div>\n\t\t\t\t<\/div>\n\t\t\t\t<\/div>\n\t\t<div class=\"elementor-element elementor-element-f1cb14b e-con-full e-flex e-con e-child\" data-id=\"f1cb14b\" data-element_type=\"container\">\n\t\t\t\t<div class=\"elementor-element elementor-element-2460c2d elementor-widget elementor-widget-image\" data-id=\"2460c2d\" data-element_type=\"widget\" data-widget_type=\"image.default\">\n\t\t\t\t<div class=\"elementor-widget-container\">\n\t\t\t\t\t\t\t\t\t\t\t\t\t\t<a href=\"\/vi\/nghien-cuu-tung-phan\">\n\t\t\t\t\t\t\t<img loading=\"lazy\" decoding=\"async\" width=\"500\" height=\"500\" src=\"https:\/\/www.bracon.com.vn\/vi\/wp-content\/uploads\/sites\/2\/2024\/07\/gp-4.png\" class=\"attachment-large size-large wp-image-4090\" alt=\"\" srcset=\"https:\/\/www.bracon.com.vn\/vi\/wp-content\/uploads\/sites\/2\/2024\/07\/gp-4.png 500w, https:\/\/www.bracon.com.vn\/vi\/wp-content\/uploads\/sites\/2\/2024\/07\/gp-4-300x300.png 300w, https:\/\/www.bracon.com.vn\/vi\/wp-content\/uploads\/sites\/2\/2024\/07\/gp-4-150x150.png 150w\" sizes=\"(max-width: 500px) 100vw, 500px\" \/>\t\t\t\t\t\t\t\t<\/a>\n\t\t\t\t\t\t\t\t\t\t\t\t\t<\/div>\n\t\t\t\t<\/div>\n\t\t\t\t<\/div>\n\t\t<div class=\"elementor-element elementor-element-3a02b1d e-con-full e-flex e-con e-child\" data-id=\"3a02b1d\" data-element_type=\"container\">\n\t\t\t\t<\/div>\n\t\t<div class=\"elementor-element elementor-element-c0a34fb e-con-full e-flex e-con e-child\" data-id=\"c0a34fb\" data-element_type=\"container\">\n\t\t\t\t<\/div>\n\t\t<div class=\"elementor-element elementor-element-b65e149 e-con-full e-flex e-con e-child\" data-id=\"b65e149\" data-element_type=\"container\">\n\t\t\t\t<\/div>\n\t\t\t\t\t<\/div>\n\t\t\t\t<\/div>\n\t\t\t\t<\/div>\n\t\t","protected":false},"excerpt":{"rendered":"<p>Nghi\u00ean c\u1ee9u \u0111\u1ecbnh t\u00ednh Nghi\u00ean c\u1ee9u \u0111\u1ecbnh t\u00ednh l\u00e0 ph\u01b0\u01a1ng ph\u00e1p thu th\u1eadp c\u00e1c th\u00f4ng tin v\u00e0 d\u1eef li\u1ec7u d\u01b0\u1edbi d\u1ea1ng \u2018phi s\u1ed1\u2019 \u0111\u1ec3 c\u00f3 \u0111\u01b0\u1ee3c c\u00e1c th\u00f4ng tin chi ti\u1ebft v\u1ec1 \u0111\u1ed1i t\u01b0\u1ee3ng tham gia kh\u1ea3o s\u00e1t hay nghi\u00ean c\u1ee9u, nh\u1eb1m ph\u1ee5c v\u1ee5 m\u1ee5c \u0111\u00edch ph\u00e2n t\u00edch ho\u1eb7c \u0111\u00e1nh gi\u00e1 chuy\u00ean s\u00e2u. C\u00e1c th\u00f4ng [&hellip;]<\/p>\n","protected":false},"author":1,"featured_media":0,"parent":0,"menu_order":0,"comment_status":"closed","ping_status":"closed","template":"","meta":{"footnotes":""},"_links":{"self":[{"href":"https:\/\/www.bracon.com.vn\/vi\/wp-json\/wp\/v2\/pages\/4103"}],"collection":[{"href":"https:\/\/www.bracon.com.vn\/vi\/wp-json\/wp\/v2\/pages"}],"about":[{"href":"https:\/\/www.bracon.com.vn\/vi\/wp-json\/wp\/v2\/types\/page"}],"author":[{"embeddable":true,"href":"https:\/\/www.bracon.com.vn\/vi\/wp-json\/wp\/v2\/users\/1"}],"replies":[{"embeddable":true,"href":"https:\/\/www.bracon.com.vn\/vi\/wp-json\/wp\/v2\/comments?post=4103"}],"version-history":[{"count":10,"href":"https:\/\/www.bracon.com.vn\/vi\/wp-json\/wp\/v2\/pages\/4103\/revisions"}],"predecessor-version":[{"id":4165,"href":"https:\/\/www.bracon.com.vn\/vi\/wp-json\/wp\/v2\/pages\/4103\/revisions\/4165"}],"wp:attachment":[{"href":"https:\/\/www.bracon.com.vn\/vi\/wp-json\/wp\/v2\/media?parent=4103"}],"curies":[{"name":"wp","href":"https:\/\/api.w.org\/{rel}","templated":true}]}}