{"id":4085,"date":"2024-07-04T04:18:40","date_gmt":"2024-07-04T04:18:40","guid":{"rendered":"https:\/\/www.bracon.com.vn\/vi\/?page_id=4085"},"modified":"2024-07-04T04:48:54","modified_gmt":"2024-07-04T04:48:54","slug":"nghien-cuu-dinh-luong","status":"publish","type":"page","link":"https:\/\/www.bracon.com.vn\/vi\/nghien-cuu-dinh-luong\/","title":{"rendered":"Nghi\u00ean c\u1ee9u \u0111\u1ecbnh l\u01b0\u1ee3ng"},"content":{"rendered":"\t\t<div data-elementor-type=\"wp-page\" data-elementor-id=\"4085\" class=\"elementor elementor-4085\" data-elementor-post-type=\"page\">\n\t\t\t\t<div class=\"elementor-element elementor-element-af7922a e-flex e-con-boxed e-con e-parent\" data-id=\"af7922a\" data-element_type=\"container\">\n\t\t\t\t\t<div class=\"e-con-inner\">\n\t\t\t\t\t<\/div>\n\t\t\t\t<\/div>\n\t\t<div class=\"elementor-element elementor-element-72b0239 e-flex e-con-boxed e-con e-parent\" data-id=\"72b0239\" data-element_type=\"container\">\n\t\t\t\t\t<div class=\"e-con-inner\">\n\t\t\t\t\t<\/div>\n\t\t\t\t<\/div>\n\t\t<div class=\"elementor-element elementor-element-12fd2f3 e-flex e-con-boxed e-con e-parent\" data-id=\"12fd2f3\" data-element_type=\"container\">\n\t\t\t\t\t<div class=\"e-con-inner\">\n\t\t\t\t<div class=\"elementor-element elementor-element-8280ecd elementor-widget elementor-widget-text-editor\" data-id=\"8280ecd\" data-element_type=\"widget\" data-widget_type=\"text-editor.default\">\n\t\t\t\t<div class=\"elementor-widget-container\">\n\t\t\t<style>\/*! elementor - v3.21.0 - 26-05-2024 *\/\n.elementor-widget-text-editor.elementor-drop-cap-view-stacked .elementor-drop-cap{background-color:#69727d;color:#fff}.elementor-widget-text-editor.elementor-drop-cap-view-framed .elementor-drop-cap{color:#69727d;border:3px solid;background-color:transparent}.elementor-widget-text-editor:not(.elementor-drop-cap-view-default) .elementor-drop-cap{margin-top:8px}.elementor-widget-text-editor:not(.elementor-drop-cap-view-default) .elementor-drop-cap-letter{width:1em;height:1em}.elementor-widget-text-editor .elementor-drop-cap{float:left;text-align:center;line-height:1;font-size:50px}.elementor-widget-text-editor .elementor-drop-cap-letter{display:inline-block}<\/style>\t\t\t\t<div class=\"title-wrapper flex-col text-left medium-text-center\">\n<div class=\"title-wrapper flex-col text-left medium-text-center\">\n<h3 class=\"entry-title mb-0\">Nghi\u00ean c\u1ee9u \u0111\u1ecbnh l\u01b0\u1ee3ng<\/h3>\n<\/div>\n<div class=\"title-content flex-col flex-right text-right medium-text-center\"><\/div>\n<\/div>\n<div class=\"title-content flex-col flex-right text-right medium-text-center\"><\/div>\t\t\t\t\t\t<\/div>\n\t\t\t\t<\/div>\n\t\t\t\t\t<\/div>\n\t\t\t\t<\/div>\n\t\t<div class=\"elementor-element elementor-element-3cc3b8e e-flex e-con-boxed e-con e-parent\" data-id=\"3cc3b8e\" data-element_type=\"container\">\n\t\t\t\t\t<div class=\"e-con-inner\">\n\t\t\t\t<div class=\"elementor-element elementor-element-dacea05 elementor-position-left elementor-vertical-align-top elementor-widget elementor-widget-image-box\" data-id=\"dacea05\" data-element_type=\"widget\" data-widget_type=\"image-box.default\">\n\t\t\t\t<div class=\"elementor-widget-container\">\n\t\t\t<style>\/*! elementor - v3.21.0 - 26-05-2024 *\/\n.elementor-widget-image-box .elementor-image-box-content{width:100%}@media (min-width:768px){.elementor-widget-image-box.elementor-position-left .elementor-image-box-wrapper,.elementor-widget-image-box.elementor-position-right .elementor-image-box-wrapper{display:flex}.elementor-widget-image-box.elementor-position-right .elementor-image-box-wrapper{text-align:end;flex-direction:row-reverse}.elementor-widget-image-box.elementor-position-left .elementor-image-box-wrapper{text-align:start;flex-direction:row}.elementor-widget-image-box.elementor-position-top .elementor-image-box-img{margin:auto}.elementor-widget-image-box.elementor-vertical-align-top .elementor-image-box-wrapper{align-items:flex-start}.elementor-widget-image-box.elementor-vertical-align-middle .elementor-image-box-wrapper{align-items:center}.elementor-widget-image-box.elementor-vertical-align-bottom .elementor-image-box-wrapper{align-items:flex-end}}@media (max-width:767px){.elementor-widget-image-box .elementor-image-box-img{margin-left:auto!important;margin-right:auto!important;margin-bottom:15px}}.elementor-widget-image-box .elementor-image-box-img{display:inline-block}.elementor-widget-image-box .elementor-image-box-title a{color:inherit}.elementor-widget-image-box .elementor-image-box-wrapper{text-align:center}.elementor-widget-image-box .elementor-image-box-description{margin:0}<\/style><div class=\"elementor-image-box-wrapper\"><figure class=\"elementor-image-box-img\"><img fetchpriority=\"high\" decoding=\"async\" width=\"512\" height=\"512\" src=\"https:\/\/www.bracon.com.vn\/vi\/wp-content\/uploads\/sites\/2\/2024\/07\/magnifying-glass.svg\" class=\"attachment-full size-full wp-image-4095\" alt=\"\" \/><\/figure><div class=\"elementor-image-box-content\"><p class=\"elementor-image-box-description\">Nghi\u00ean c\u1ee9u \u0111\u1ecbnh l\u01b0\u1ee3ng l\u00e0 ph\u01b0\u01a1ng ph\u00e1p thu th\u1eadp th\u00f4ng tin t\u1eadp m\u1eabu tr\u00ean di\u1ec7n r\u1ed9ng, s\u1eed d\u1ee5ng b\u1ea3ng c\u00e2u h\u1ecfi (b\u1ea3ng h\u1ecfi) kh\u1ea3o s\u00e1t m\u00e0 trong \u0111\u00f3 t\u1ed5ng h\u1ee3p t\u1ea5t c\u1ea3 c\u00e1c c\u00e2u h\u1ecfi \u0111\u00e3 so\u1ea1n s\u1eb5n \u0111\u1ec3 thu th\u1eadp th\u00f4ng tin t\u1eeb \u0111\u1ed1i t\u01b0\u1ee3ng nghi\u00ean c\u1ee9u. C\u00e1c c\u00e2u h\u1ecfi thu\u1eddng \u1edf d\u1ea1ng \u2018\u0111\u00f3ng\u2019 v\u1edbi ph\u01b0\u01a1ng \u00e1n tr\u1ea3 l\u1eddi cho s\u1eb5n v\u00e0\/ho\u1eb7c c\u00f3 th\u00eam l\u1ef1a ch\u1ecdn m\u1edf \u0111\u1ec3 ng\u01b0\u1eddi tr\u1ea3 l\u1eddi chia s\u1ebb, gi\u1ea3i th\u00edch th\u00eam cho c\u00e2u tr\u1ea3 l\u1eddi c\u1ee7a m\u00ecnh. Ph\u01b0\u01a1ng ph\u00e1p n\u00e0y hi\u1ec7n \u00e1p d\u1ee5ng c\u1ea3 cho h\u00ecnh th\u1ef1c tr\u1ef1c ti\u1ebfp v\u00e0 tr\u1ef1c tuy\u1ebfn.<\/p><\/div><\/div>\t\t<\/div>\n\t\t\t\t<\/div>\n\t\t\t\t\t<\/div>\n\t\t\t\t<\/div>\n\t\t<div class=\"elementor-element elementor-element-103d546 e-flex e-con-boxed e-con e-parent\" data-id=\"103d546\" data-element_type=\"container\">\n\t\t\t\t\t<div class=\"e-con-inner\">\n\t\t\t\t<div class=\"elementor-element elementor-element-08da1dc elementor-position-left elementor-vertical-align-top elementor-widget elementor-widget-image-box\" data-id=\"08da1dc\" data-element_type=\"widget\" data-widget_type=\"image-box.default\">\n\t\t\t\t<div class=\"elementor-widget-container\">\n\t\t\t<div class=\"elementor-image-box-wrapper\"><figure class=\"elementor-image-box-img\"><img fetchpriority=\"high\" decoding=\"async\" width=\"512\" height=\"512\" src=\"https:\/\/www.bracon.com.vn\/vi\/wp-content\/uploads\/sites\/2\/2024\/07\/magnifying-glass.svg\" class=\"attachment-full size-full wp-image-4095\" alt=\"\" \/><\/figure><div class=\"elementor-image-box-content\"><p class=\"elementor-image-box-description\">T\u1eeb 2012 tr\u1edf \u0111i h\u00ecnh th\u1ee9c ghi nh\u1eadn c\u00e2u tr\u1ea3 l\u1eddi b\u1eb1ng c\u00e1c b\u1ea3ng c\u00e2u gi\u1ea5y \u0111\u00e3 d\u1ea7n \u0111\u01b0\u1ee3c thay th\u1ebf b\u1eb1ng c\u00e1c ph\u1ea7n m\u1ec1m m\u00e1y t\u00ednh, c\u00e1c \u1ee9ng d\u1ee5ng tr\u00ean \u0111i\u1ec7n tho\u1ea1i \u0111\u1ec3 ghi nh\u1eadn l\u1ea1i c\u00e1c c\u00e2u tr\u1ea3 l\u1eddi c\u1ee7a ng\u01b0\u1eddi tham gia kh\u1ea3o s\u00e1t. C\u00e1c b\u00e1o c\u00e1o thu\u1ed9c nghi\u00ean c\u1ee9u \u0111\u1ecbnh l\u01b0\u1ee3ng th\u01b0\u1eddng cho ra \u1edf d\u1ea1ng s\u1ed1 \u0111\u1ebfm, t\u1ef7 l\u1ec7 ph\u1ea7m tr\u0103m theo h\u00ecnh th\u1ee9c th\u1ed1ng k\u00ea.<\/p><\/div><\/div>\t\t<\/div>\n\t\t\t\t<\/div>\n\t\t\t\t\t<\/div>\n\t\t\t\t<\/div>\n\t\t<div class=\"elementor-element elementor-element-c529da7 e-flex e-con-boxed e-con e-parent\" data-id=\"c529da7\" data-element_type=\"container\">\n\t\t\t\t\t<div class=\"e-con-inner\">\n\t\t\t\t<div class=\"elementor-element elementor-element-a2f48f2 elementor-widget elementor-widget-image\" data-id=\"a2f48f2\" data-element_type=\"widget\" data-widget_type=\"image.default\">\n\t\t\t\t<div class=\"elementor-widget-container\">\n\t\t\t<style>\/*! elementor - v3.21.0 - 26-05-2024 *\/\n.elementor-widget-image{text-align:center}.elementor-widget-image a{display:inline-block}.elementor-widget-image a img[src$=\".svg\"]{width:48px}.elementor-widget-image img{vertical-align:middle;display:inline-block}<\/style>\t\t\t\t\t\t\t\t\t\t<img decoding=\"async\" width=\"1024\" height=\"574\" src=\"https:\/\/www.bracon.com.vn\/vi\/wp-content\/uploads\/sites\/2\/2024\/07\/dl-1024x574.webp\" class=\"attachment-large size-large wp-image-4097\" alt=\"\" srcset=\"https:\/\/www.bracon.com.vn\/vi\/wp-content\/uploads\/sites\/2\/2024\/07\/dl-1024x574.webp 1024w, https:\/\/www.bracon.com.vn\/vi\/wp-content\/uploads\/sites\/2\/2024\/07\/dl-300x168.webp 300w, https:\/\/www.bracon.com.vn\/vi\/wp-content\/uploads\/sites\/2\/2024\/07\/dl-768x430.webp 768w, https:\/\/www.bracon.com.vn\/vi\/wp-content\/uploads\/sites\/2\/2024\/07\/dl.webp 1246w\" sizes=\"(max-width: 1024px) 100vw, 1024px\" \/>\t\t\t\t\t\t\t\t\t\t\t\t\t<\/div>\n\t\t\t\t<\/div>\n\t\t\t\t\t<\/div>\n\t\t\t\t<\/div>\n\t\t<div class=\"elementor-element elementor-element-d935f1c e-flex e-con-boxed e-con e-parent\" data-id=\"d935f1c\" data-element_type=\"container\">\n\t\t\t\t\t<div class=\"e-con-inner\">\n\t\t<div class=\"elementor-element elementor-element-56f16e2 e-con-full e-flex e-con e-child\" data-id=\"56f16e2\" data-element_type=\"container\">\n\t\t\t\t<div class=\"elementor-element elementor-element-e4e26ed elementor-widget elementor-widget-image\" data-id=\"e4e26ed\" data-element_type=\"widget\" data-widget_type=\"image.default\">\n\t\t\t\t<div class=\"elementor-widget-container\">\n\t\t\t\t\t\t\t\t\t\t\t\t\t\t<a href=\"\/vi\/nghien-cuu-dinh-tinh\">\n\t\t\t\t\t\t\t<img decoding=\"async\" width=\"500\" height=\"500\" src=\"https:\/\/www.bracon.com.vn\/vi\/wp-content\/uploads\/sites\/2\/2024\/07\/gp-2.png\" class=\"attachment-large size-large wp-image-4088\" alt=\"\" srcset=\"https:\/\/www.bracon.com.vn\/vi\/wp-content\/uploads\/sites\/2\/2024\/07\/gp-2.png 500w, https:\/\/www.bracon.com.vn\/vi\/wp-content\/uploads\/sites\/2\/2024\/07\/gp-2-300x300.png 300w, https:\/\/www.bracon.com.vn\/vi\/wp-content\/uploads\/sites\/2\/2024\/07\/gp-2-150x150.png 150w\" sizes=\"(max-width: 500px) 100vw, 500px\" \/>\t\t\t\t\t\t\t\t<\/a>\n\t\t\t\t\t\t\t\t\t\t\t\t\t<\/div>\n\t\t\t\t<\/div>\n\t\t\t\t<\/div>\n\t\t<div class=\"elementor-element elementor-element-a893c83 e-con-full e-flex e-con e-child\" data-id=\"a893c83\" data-element_type=\"container\">\n\t\t\t\t<div class=\"elementor-element elementor-element-1e3aa2a elementor-widget elementor-widget-image\" data-id=\"1e3aa2a\" data-element_type=\"widget\" data-widget_type=\"image.default\">\n\t\t\t\t<div class=\"elementor-widget-container\">\n\t\t\t\t\t\t\t\t\t\t\t\t\t\t<a href=\"\/vi\/nghien-cuu-chuyen-biet\">\n\t\t\t\t\t\t\t<img loading=\"lazy\" decoding=\"async\" width=\"500\" height=\"500\" src=\"https:\/\/www.bracon.com.vn\/vi\/wp-content\/uploads\/sites\/2\/2024\/07\/gp-3.png\" class=\"attachment-large size-large wp-image-4089\" alt=\"\" srcset=\"https:\/\/www.bracon.com.vn\/vi\/wp-content\/uploads\/sites\/2\/2024\/07\/gp-3.png 500w, https:\/\/www.bracon.com.vn\/vi\/wp-content\/uploads\/sites\/2\/2024\/07\/gp-3-300x300.png 300w, https:\/\/www.bracon.com.vn\/vi\/wp-content\/uploads\/sites\/2\/2024\/07\/gp-3-150x150.png 150w\" sizes=\"(max-width: 500px) 100vw, 500px\" \/>\t\t\t\t\t\t\t\t<\/a>\n\t\t\t\t\t\t\t\t\t\t\t\t\t<\/div>\n\t\t\t\t<\/div>\n\t\t\t\t<\/div>\n\t\t<div class=\"elementor-element elementor-element-ff06e69 e-con-full e-flex e-con e-child\" data-id=\"ff06e69\" data-element_type=\"container\">\n\t\t\t\t<div class=\"elementor-element elementor-element-8333f8c elementor-widget elementor-widget-image\" data-id=\"8333f8c\" data-element_type=\"widget\" data-widget_type=\"image.default\">\n\t\t\t\t<div class=\"elementor-widget-container\">\n\t\t\t\t\t\t\t\t\t\t\t\t\t\t<a href=\"\/vi\/nghien-cuu-tung-phan\">\n\t\t\t\t\t\t\t<img loading=\"lazy\" decoding=\"async\" width=\"500\" height=\"500\" src=\"https:\/\/www.bracon.com.vn\/vi\/wp-content\/uploads\/sites\/2\/2024\/07\/gp-4.png\" class=\"attachment-large size-large wp-image-4090\" alt=\"\" srcset=\"https:\/\/www.bracon.com.vn\/vi\/wp-content\/uploads\/sites\/2\/2024\/07\/gp-4.png 500w, https:\/\/www.bracon.com.vn\/vi\/wp-content\/uploads\/sites\/2\/2024\/07\/gp-4-300x300.png 300w, https:\/\/www.bracon.com.vn\/vi\/wp-content\/uploads\/sites\/2\/2024\/07\/gp-4-150x150.png 150w\" sizes=\"(max-width: 500px) 100vw, 500px\" \/>\t\t\t\t\t\t\t\t<\/a>\n\t\t\t\t\t\t\t\t\t\t\t\t\t<\/div>\n\t\t\t\t<\/div>\n\t\t\t\t<\/div>\n\t\t<div class=\"elementor-element elementor-element-e48cdf3 e-con-full e-flex e-con e-child\" data-id=\"e48cdf3\" data-element_type=\"container\">\n\t\t\t\t<\/div>\n\t\t<div class=\"elementor-element elementor-element-62d0f80 e-con-full e-flex e-con e-child\" data-id=\"62d0f80\" data-element_type=\"container\">\n\t\t\t\t<\/div>\n\t\t<div class=\"elementor-element elementor-element-079dab0 e-con-full e-flex e-con e-child\" data-id=\"079dab0\" data-element_type=\"container\">\n\t\t\t\t<\/div>\n\t\t\t\t\t<\/div>\n\t\t\t\t<\/div>\n\t\t\t\t<\/div>\n\t\t","protected":false},"excerpt":{"rendered":"<p>Nghi\u00ean c\u1ee9u \u0111\u1ecbnh l\u01b0\u1ee3ng Nghi\u00ean c\u1ee9u \u0111\u1ecbnh l\u01b0\u1ee3ng l\u00e0 ph\u01b0\u01a1ng ph\u00e1p thu th\u1eadp th\u00f4ng tin t\u1eadp m\u1eabu tr\u00ean di\u1ec7n r\u1ed9ng, s\u1eed d\u1ee5ng b\u1ea3ng c\u00e2u h\u1ecfi (b\u1ea3ng h\u1ecfi) kh\u1ea3o s\u00e1t m\u00e0 trong \u0111\u00f3 t\u1ed5ng h\u1ee3p t\u1ea5t c\u1ea3 c\u00e1c c\u00e2u h\u1ecfi \u0111\u00e3 so\u1ea1n s\u1eb5n \u0111\u1ec3 thu th\u1eadp th\u00f4ng tin t\u1eeb \u0111\u1ed1i t\u01b0\u1ee3ng nghi\u00ean c\u1ee9u. C\u00e1c c\u00e2u h\u1ecfi [&hellip;]<\/p>\n","protected":false},"author":1,"featured_media":0,"parent":0,"menu_order":0,"comment_status":"closed","ping_status":"closed","template":"","meta":{"footnotes":""},"_links":{"self":[{"href":"https:\/\/www.bracon.com.vn\/vi\/wp-json\/wp\/v2\/pages\/4085"}],"collection":[{"href":"https:\/\/www.bracon.com.vn\/vi\/wp-json\/wp\/v2\/pages"}],"about":[{"href":"https:\/\/www.bracon.com.vn\/vi\/wp-json\/wp\/v2\/types\/page"}],"author":[{"embeddable":true,"href":"https:\/\/www.bracon.com.vn\/vi\/wp-json\/wp\/v2\/users\/1"}],"replies":[{"embeddable":true,"href":"https:\/\/www.bracon.com.vn\/vi\/wp-json\/wp\/v2\/comments?post=4085"}],"version-history":[{"count":8,"href":"https:\/\/www.bracon.com.vn\/vi\/wp-json\/wp\/v2\/pages\/4085\/revisions"}],"predecessor-version":[{"id":4139,"href":"https:\/\/www.bracon.com.vn\/vi\/wp-json\/wp\/v2\/pages\/4085\/revisions\/4139"}],"wp:attachment":[{"href":"https:\/\/www.bracon.com.vn\/vi\/wp-json\/wp\/v2\/media?parent=4085"}],"curies":[{"name":"wp","href":"https:\/\/api.w.org\/{rel}","templated":true}]}}